{"id":86,"date":"2017-11-30T14:14:28","date_gmt":"2017-11-30T14:14:28","guid":{"rendered":"https:\/\/niudellavors.org\/?page_id=86"},"modified":"2024-10-22T08:03:17","modified_gmt":"2024-10-22T08:03:17","slug":"contacte","status":"publish","type":"page","link":"https:\/\/niudellavors.org\/cas\/contacte\/","title":{"rendered":"Contacto"},"content":{"rendered":"<div data-elementor-type=\"wp-page\" data-elementor-id=\"86\" class=\"elementor elementor-86\" data-elementor-post-type=\"page\">\n\t\t\t\t\t\t<section class=\"elementor-section elementor-top-section elementor-element elementor-element-14bfd138 elementor-section-height-min-height elementor-section-content-middle elementor-reverse-mobile elementor-section-boxed elementor-section-height-default elementor-section-items-middle\" data-id=\"14bfd138\" data-element_type=\"section\">\n\t\t\t\t\t\t<div class=\"elementor-container elementor-column-gap-default\">\n\t\t\t\t\t<div class=\"elementor-column elementor-col-50 elementor-top-column elementor-element elementor-element-3424038e\" data-id=\"3424038e\" data-element_type=\"column\">\n\t\t\t<div class=\"elementor-widget-wrap elementor-element-populated\">\n\t\t\t\t\t\t<div class=\"elementor-element elementor-element-51a41ac elementor-widget elementor-widget-heading\" data-id=\"51a41ac\" data-element_type=\"widget\" data-widget_type=\"heading.default\">\n\t\t\t\t<div class=\"elementor-widget-container\">\n\t\t\t\t\t<h2 class=\"elementor-heading-title elementor-size-default\">\u00a1Cont\u00e1ctanos!<\/h2>\t\t\t\t<\/div>\n\t\t\t\t<\/div>\n\t\t\t\t<div class=\"elementor-element elementor-element-6d21648b elementor-widget elementor-widget-text-editor\" data-id=\"6d21648b\" data-element_type=\"widget\" data-widget_type=\"text-editor.default\">\n\t\t\t\t<div class=\"elementor-widget-container\">\n\t\t\t\t\t\t\t\t\t<p>Si tienes alguna duda o pregunta, env\u00edanos un email a info@niudellavors.org, o puedes llamarnos seg\u00fan tu necesidad:<\/p><p><strong>Sobre gesti\u00f3n y proyectos:<\/strong> Gema 623 42 40 05<br \/><strong>Sobre Acompa\u00f1amiento:<\/strong> Patri 647 88 40 71 \/ Nerea 667 89 65 73<br \/><strong>Sobre la Asociaci\u00f3n y nuestra Tribu:<\/strong> Maria 657 15 22 99 \/ Laura 657 22 94 58<\/p>\t\t\t\t\t\t\t\t<\/div>\n\t\t\t\t<\/div>\n\t\t\t\t\t<\/div>\n\t\t<\/div>\n\t\t\t\t<div class=\"elementor-column elementor-col-50 elementor-top-column elementor-element elementor-element-7e67d845\" data-id=\"7e67d845\" data-element_type=\"column\">\n\t\t\t<div class=\"elementor-widget-wrap\">\n\t\t\t\t\t\t\t<\/div>\n\t\t<\/div>\n\t\t\t\t\t<\/div>\n\t\t<\/section>\n\t\t\t\t<\/div>","protected":false},"excerpt":{"rendered":"<p>Contacteu-nos! Si tens alg\u00fan dubte o q\u00fcesti\u00f3, envia\u2019ns un email a info@niudellavors.org, o cridar-nos segons la teua necessitat: Sobre gesti\u00f3 i projectes: Gema 623 42 40 05Sobre Acompanyament: Patri 647 88 40 71 \/ Nerea 667 89 65 73Sobre l\u2019associaci\u00f3 i la nostra Tribu: Maria 657 15 22 99 \/ Laura 657 22 94 58<\/p>","protected":false},"author":1,"featured_media":0,"parent":0,"menu_order":0,"comment_status":"closed","ping_status":"closed","template":"","meta":{"footnotes":""},"_links":{"self":[{"href":"https:\/\/niudellavors.org\/cas\/wp-json\/wp\/v2\/pages\/86"}],"collection":[{"href":"https:\/\/niudellavors.org\/cas\/wp-json\/wp\/v2\/pages"}],"about":[{"href":"https:\/\/niudellavors.org\/cas\/wp-json\/wp\/v2\/types\/page"}],"author":[{"embeddable":true,"href":"https:\/\/niudellavors.org\/cas\/wp-json\/wp\/v2\/users\/1"}],"replies":[{"embeddable":true,"href":"https:\/\/niudellavors.org\/cas\/wp-json\/wp\/v2\/comments?post=86"}],"version-history":[{"count":19,"href":"https:\/\/niudellavors.org\/cas\/wp-json\/wp\/v2\/pages\/86\/revisions"}],"predecessor-version":[{"id":2480,"href":"https:\/\/niudellavors.org\/cas\/wp-json\/wp\/v2\/pages\/86\/revisions\/2480"}],"wp:attachment":[{"href":"https:\/\/niudellavors.org\/cas\/wp-json\/wp\/v2\/media?parent=86"}],"curies":[{"name":"wp","href":"https:\/\/api.w.org\/{rel}","templated":true}]}}