{"id":79,"date":"2017-11-30T14:13:31","date_gmt":"2017-11-30T14:13:31","guid":{"rendered":"https:\/\/niudellavors.org\/?page_id=79"},"modified":"2025-01-22T10:44:35","modified_gmt":"2025-01-22T10:44:35","slug":"forma-part-del-niu","status":"publish","type":"page","link":"https:\/\/niudellavors.org\/cas\/forma-part-del-niu\/","title":{"rendered":"Forma parte del Niu"},"content":{"rendered":"<div data-elementor-type=\"wp-page\" data-elementor-id=\"79\" class=\"elementor elementor-79\" data-elementor-post-type=\"page\">\n\t\t\t\t\t\t<section class=\"elementor-section elementor-top-section elementor-element elementor-element-3ee31e9 elementor-section-height-min-height elementor-section-content-middle elementor-reverse-mobile elementor-section-items-top elementor-section-boxed elementor-section-height-default\" data-id=\"3ee31e9\" data-element_type=\"section\">\n\t\t\t\t\t\t<div class=\"elementor-container elementor-column-gap-default\">\n\t\t\t\t\t<div class=\"elementor-column elementor-col-50 elementor-top-column elementor-element elementor-element-538d1a67\" data-id=\"538d1a67\" data-element_type=\"column\">\n\t\t\t<div class=\"elementor-widget-wrap elementor-element-populated\">\n\t\t\t\t\t\t<div class=\"elementor-element elementor-element-71b2040 elementor-widget elementor-widget-heading\" data-id=\"71b2040\" data-element_type=\"widget\" data-widget_type=\"heading.default\">\n\t\t\t\t<div class=\"elementor-widget-container\">\n\t\t\t\t\t<h2 class=\"elementor-heading-title elementor-size-default\">Forma parte del Niu<\/h2>\t\t\t\t<\/div>\n\t\t\t\t<\/div>\n\t\t\t\t<div class=\"elementor-element elementor-element-6303ee35 elementor-widget elementor-widget-text-editor\" data-id=\"6303ee35\" data-element_type=\"widget\" data-widget_type=\"text-editor.default\">\n\t\t\t\t<div class=\"elementor-widget-container\">\n\t\t\t\t\t\t\t\t\t<p><strong>Niu de Llavors somos una asociaci\u00f3n de unas 30 familias de La Safor que miramos la infancia con amor y respeto y afrontamos la crianza conscientemente, con voluntad de hacer un trabajo de transformaci\u00f3n y crecimiento personal.<\/strong><\/p><p>Formar parte es muy sencillo:<\/p><ul><li>Venid a nuestro espacio, conoced <a href=\"https:\/\/niudellavors.org\/cas\/suport-a-la-crianca\/#tribu\">nuestra tribu<\/a>, acompa\u00f1ad el juego libre de vuestras criaturas... Con 3 o 4 visitas sentir\u00e9is si os gusta el ambiente y si vibr\u00e1is con nuestra sinton\u00eda.<\/li><li>Rellenad el formulario de alta de socios, abonando una cuota anual de 100\u20ac por familia. Las familias que forman parte del<a href=\"https:\/\/niudellavors.org\/cas\/cura-a-la-infancia\/#acompanyament\">Acompa\u00f1amiento<\/a> aportan 50\u20ac al a\u00f1o.<\/li><li>Tendr\u00e9is todos los derechos de cualquier familia socia: disfrutar del espacio, asistir a nuestros encuentros, entrar en la red de apoyo de la tribu, acceso directo a formaciones e informaciones sobre crianza respetuosa, posibilidad de entrar al servicio de Acompa\u00f1amiento del Niu, voz y voto a las asambleas de la asociaci\u00f3n, etc\u2026 \u00a1Y colaborar activamente en la transformaci\u00f3n de la sociedad hacia un mundo m\u00e1s respetuoso con la infancia y con la humanidad!<\/li><li>Las familias del Niu tambi\u00e9n tenemos unas obligaciones para ayudar a que la asociaci\u00f3n avance en su camino: participar activamente en las asambleas mensuales, acoger a las nuevas familias, apoyarlos y ayudarlas en su integraci\u00f3n, cuidar el espacio del Niu, apoyar la asociaci\u00f3n en las iniciativas que se desarrollan para conseguir m\u00e1s fondos (venta de merchandising, participaci\u00f3n en el Llavoretes Fest \u2026).<\/li><\/ul>\t\t\t\t\t\t\t\t<\/div>\n\t\t\t\t<\/div>\n\t\t\t\t<div class=\"elementor-element elementor-element-1deac90a elementor-align-center elementor-widget elementor-widget-button\" data-id=\"1deac90a\" data-element_type=\"widget\" data-widget_type=\"button.default\">\n\t\t\t\t<div class=\"elementor-widget-container\">\n\t\t\t\t\t\t\t\t\t<div class=\"elementor-button-wrapper\">\n\t\t\t\t\t<a class=\"elementor-button elementor-button-link elementor-size-sm\" href=\"https:\/\/niudellavors.org\/cas\/contacte\/\">\n\t\t\t\t\t\t<span class=\"elementor-button-content-wrapper\">\n\t\t\t\t\t\t<span class=\"elementor-button-icon\">\n\t\t\t\t<i aria-hidden=\"true\" class=\"fas fa-long-arrow-alt-right\"><\/i>\t\t\t<\/span>\n\t\t\t\t\t\t\t\t\t<span class=\"elementor-button-text\">\u00a1QUIERO FORMAR PARTE DEL NIU!<\/span>\n\t\t\t\t\t<\/span>\n\t\t\t\t\t<\/a>\n\t\t\t\t<\/div>\n\t\t\t\t\t\t\t\t<\/div>\n\t\t\t\t<\/div>\n\t\t\t\t\t<\/div>\n\t\t<\/div>\n\t\t\t\t<div class=\"elementor-column elementor-col-50 elementor-top-column elementor-element elementor-element-d059126\" data-id=\"d059126\" data-element_type=\"column\" data-settings=\"{&quot;background_background&quot;:&quot;classic&quot;}\">\n\t\t\t<div class=\"elementor-widget-wrap elementor-element-populated\">\n\t\t\t\t\t\t<div class=\"elementor-element elementor-element-7ea3540d elementor-widget elementor-widget-image\" data-id=\"7ea3540d\" data-element_type=\"widget\" data-widget_type=\"image.default\">\n\t\t\t\t<div class=\"elementor-widget-container\">\n\t\t\t\t\t\t\t\t\t\t\t\t\t\t\t<img fetchpriority=\"high\" decoding=\"async\" width=\"800\" height=\"533\" src=\"https:\/\/niudellavors.org\/wp-content\/uploads\/2025\/01\/WhatsApp-Image-2025-01-22-at-11.37.17-1024x682.jpeg\" class=\"attachment-large size-large wp-image-2669\" alt=\"\" srcset=\"https:\/\/niudellavors.org\/wp-content\/uploads\/2025\/01\/WhatsApp-Image-2025-01-22-at-11.37.17-1024x682.jpeg 1024w, https:\/\/niudellavors.org\/wp-content\/uploads\/2025\/01\/WhatsApp-Image-2025-01-22-at-11.37.17-300x200.jpeg 300w, https:\/\/niudellavors.org\/wp-content\/uploads\/2025\/01\/WhatsApp-Image-2025-01-22-at-11.37.17-768x512.jpeg 768w, https:\/\/niudellavors.org\/wp-content\/uploads\/2025\/01\/WhatsApp-Image-2025-01-22-at-11.37.17-18x12.jpeg 18w, https:\/\/niudellavors.org\/wp-content\/uploads\/2025\/01\/WhatsApp-Image-2025-01-22-at-11.37.17.jpeg 1280w\" sizes=\"(max-width: 800px) 100vw, 800px\" \/>\t\t\t\t\t\t\t\t\t\t\t\t\t\t\t<\/div>\n\t\t\t\t<\/div>\n\t\t\t\t\t<\/div>\n\t\t<\/div>\n\t\t\t\t\t<\/div>\n\t\t<\/section>\n\t\t\t\t<section class=\"elementor-section elementor-top-section elementor-element elementor-element-4ab3dffe elementor-section-height-min-height elementor-section-boxed elementor-section-height-default elementor-section-items-middle\" data-id=\"4ab3dffe\" data-element_type=\"section\" id=\"mecenas\" data-settings=\"{&quot;background_background&quot;:&quot;classic&quot;}\">\n\t\t\t\t\t\t<div class=\"elementor-container elementor-column-gap-default\">\n\t\t\t\t\t<div class=\"elementor-column elementor-col-100 elementor-top-column elementor-element elementor-element-dfec3df\" data-id=\"dfec3df\" data-element_type=\"column\">\n\t\t\t<div class=\"elementor-widget-wrap elementor-element-populated\">\n\t\t\t\t\t\t<div class=\"elementor-element elementor-element-44c8d1ab elementor-widget elementor-widget-heading\" data-id=\"44c8d1ab\" data-element_type=\"widget\" data-widget_type=\"heading.default\">\n\t\t\t\t<div class=\"elementor-widget-container\">\n\t\t\t\t\t<h2 class=\"elementor-heading-title elementor-size-default\">\u00a1Quiero ser Socio Mecenas!<\/h2>\t\t\t\t<\/div>\n\t\t\t\t<\/div>\n\t\t\t\t<div class=\"elementor-element elementor-element-7511da8f elementor-widget elementor-widget-text-editor\" data-id=\"7511da8f\" data-element_type=\"widget\" data-widget_type=\"text-editor.default\">\n\t\t\t\t<div class=\"elementor-widget-container\">\n\t\t\t\t\t\t\t\t\t<p>Si no est\u00e1s criando pero te emociona que Niu de Llavors est\u00e9 realizando esta tarea de transformaci\u00f3n social y quieres colaborar econ\u00f3micamente, cualquier aportaci\u00f3n que hagas ser\u00e1 bienvenida y utilizada para cumplir la finalidad fundacional de la asociaci\u00f3n.<\/p><p>Haz un ingreso o transferencia a la cuenta de Caixa Popular:<\/p><p>ES09 3159 0064 1426 2816 3525 con el concepto Donaci\u00f3n Mecenas<\/p><p>\u00a1Much\u00edsimas gracias!<\/p>\t\t\t\t\t\t\t\t<\/div>\n\t\t\t\t<\/div>\n\t\t\t\t\t<\/div>\n\t\t<\/div>\n\t\t\t\t\t<\/div>\n\t\t<\/section>\n\t\t\t\t<\/div>","protected":false},"excerpt":{"rendered":"<p>Forma part del Niu Niu de Llavors som una associaci\u00f3 d\u2019unes 30 fam\u00edlies de la Safor que mirem la inf\u00e0ncia amb amor i respecte i afrontem la crian\u00e7a conscientment, amb voluntat de fer un treball de transformaci\u00f3 i creixement personal. Formar-ne part \u00e9s molt senzill: Veniu al nostre espai, conegau la nostra tribu, acompanyeu el [&hellip;]<\/p>","protected":false},"author":1,"featured_media":0,"parent":0,"menu_order":0,"comment_status":"closed","ping_status":"closed","template":"","meta":{"footnotes":""},"_links":{"self":[{"href":"https:\/\/niudellavors.org\/cas\/wp-json\/wp\/v2\/pages\/79"}],"collection":[{"href":"https:\/\/niudellavors.org\/cas\/wp-json\/wp\/v2\/pages"}],"about":[{"href":"https:\/\/niudellavors.org\/cas\/wp-json\/wp\/v2\/types\/page"}],"author":[{"embeddable":true,"href":"https:\/\/niudellavors.org\/cas\/wp-json\/wp\/v2\/users\/1"}],"replies":[{"embeddable":true,"href":"https:\/\/niudellavors.org\/cas\/wp-json\/wp\/v2\/comments?post=79"}],"version-history":[{"count":31,"href":"https:\/\/niudellavors.org\/cas\/wp-json\/wp\/v2\/pages\/79\/revisions"}],"predecessor-version":[{"id":2675,"href":"https:\/\/niudellavors.org\/cas\/wp-json\/wp\/v2\/pages\/79\/revisions\/2675"}],"wp:attachment":[{"href":"https:\/\/niudellavors.org\/cas\/wp-json\/wp\/v2\/media?parent=79"}],"curies":[{"name":"wp","href":"https:\/\/api.w.org\/{rel}","templated":true}]}}