{"id":262,"date":"2019-05-17T08:55:05","date_gmt":"2019-05-17T08:55:05","guid":{"rendered":"https:\/\/niudellavors.org\/?page_id=262"},"modified":"2023-12-13T12:16:31","modified_gmt":"2023-12-13T12:16:31","slug":"llavoretes-festival","status":"publish","type":"page","link":"https:\/\/niudellavors.org\/cas\/llavoretes-festival\/","title":{"rendered":"Llavoretes Festival"},"content":{"rendered":"<p>[et_pb_section fb_built=&#8221;1&#8243; admin_label=&#8221;xerrades sobre infancia&#8221; module_id=&#8221;xerrades-sobre-infancia&#8221; _builder_version=&#8221;4.23.1&#8243; custom_margin=&#8221;||||false|false&#8221; custom_padding=&#8221;0px||0px||false|true&#8221; global_colors_info=&#8221;{}&#8221; theme_builder_area=&#8221;post_content&#8221;][et_pb_row column_structure=&#8221;1_2,1_2&#8243; use_custom_gutter=&#8221;on&#8221; gutter_width=&#8221;1&#8243; make_equal=&#8221;on&#8221; module_class=&#8221; et_pb_row_fullwidth&#8221; _builder_version=&#8221;4.23.1&#8243; background_color=&#8221;#FFF4E0&#8243; width=&#8221;100%&#8221; width_tablet=&#8221;100%&#8221; width_phone=&#8221;&#8221; width_last_edited=&#8221;on|desktop&#8221; max_width=&#8221;100%&#8221; max_width_tablet=&#8221;100%&#8221; max_width_phone=&#8221;&#8221; max_width_last_edited=&#8221;on|desktop&#8221; custom_margin=&#8221;|auto||auto|false|false&#8221; custom_padding=&#8221;0px|0px|61px|0px||&#8221; make_fullwidth=&#8221;on&#8221; global_colors_info=&#8221;{}&#8221; theme_builder_area=&#8221;post_content&#8221;][et_pb_column type=&#8221;1_2&#8243; _builder_version=&#8221;4.23.1&#8243; background_color=&#8221;RGBA(255,255,255,0)&#8221; custom_padding=&#8221;|||10%|false|false&#8221; custom_padding_tablet=&#8221;|10%||10%|false|true&#8221; custom_padding_phone=&#8221;|10%||10%|false|true&#8221; custom_padding_last_edited=&#8221;on|phone&#8221; global_colors_info=&#8221;{}&#8221; custom_padding__hover=&#8221;|||&#8221; theme_builder_area=&#8221;post_content&#8221;][et_pb_text _builder_version=&#8221;4.22.2&#8243; text_font=&#8221;||||||||&#8221; text_text_color=&#8221;#39618A&#8221; header_font=&#8221;||||||||&#8221; header_2_font=&#8221;|700|||||||&#8221; header_2_font_size=&#8221;35px&#8221; header_3_font=&#8221;ABeeZee||||||||&#8221; header_3_letter_spacing=&#8221;1px&#8221; header_3_line_height=&#8221;1.5em&#8221; module_alignment=&#8221;center&#8221; global_colors_info=&#8221;{}&#8221; theme_builder_area=&#8221;post_content&#8221;]<\/p>\n<h2>Llavoretes Fest<\/h2>\n<p>&nbsp;<\/p>\n<p>[\/et_pb_text][et_pb_text _builder_version=&#8221;4.23.1&#8243; text_font=&#8221;||||||||&#8221; text_text_color=&#8221;#39618A&#8221; header_font=&#8221;||||||||&#8221; header_2_font=&#8221;|700|||||||&#8221; header_2_font_size=&#8221;35px&#8221; header_3_font=&#8221;ABeeZee||||||||&#8221; header_3_letter_spacing=&#8221;1px&#8221; header_3_line_height=&#8221;1.5em&#8221; module_alignment=&#8221;center&#8221; hover_enabled=&#8221;0&#8243; global_colors_info=&#8221;{}&#8221; theme_builder_area=&#8221;post_content&#8221; sticky_enabled=&#8221;0&#8243;]<\/p>\n<p>Tenim instaurada a la Safor una festa anual per a la inf\u00e0ncia lliure i respectada. Una jornada l\u00fadica d\u2019activitats per a gaudir en fam\u00edlia, amb m\u00faltiples opcions de jocs, espectacles, entreteniments, menjars populars per a tots els paladars, etc\u2026 en un entorn natural i amb un ambient de llibertat i respecte marca de la casa. Afortunadament i gr\u00e0cies a l\u2019esfor\u00e7 i la gran feina de les fam\u00edlies del Niu de Llavors, el Llavoretes Fest \u00e9s una festa gratu\u00efta oberta a tothom.<\/p>\n<p>Ja estem treballant en la pr\u00f2xima edici\u00f3, per a la primavera de 2024. SI tens alguna proposta envia\u2019ns un <a href=\"\/cas\/contacte\/\">correu<\/a>. <strong>El Llavoretes Fest el fem i el gaudim entre totes!<\/strong><\/p>\n<p>[\/et_pb_text][et_pb_divider show_divider=&#8221;off&#8221; _builder_version=&#8221;4.23.1&#8243; _module_preset=&#8221;default&#8221; global_colors_info=&#8221;{}&#8221; theme_builder_area=&#8221;post_content&#8221;][\/et_pb_divider][\/et_pb_column][et_pb_column type=&#8221;1_2&#8243; _builder_version=&#8221;4.22.2&#8243; background_enable_image=&#8221;off&#8221; custom_padding=&#8221;|10%||5%|false|false&#8221; global_colors_info=&#8221;{}&#8221; custom_padding__hover=&#8221;|||&#8221; theme_builder_area=&#8221;post_content&#8221;][et_pb_image src=&#8221;https:\/\/niudellavors.org\/wp-content\/uploads\/2023\/05\/LOGO-LLAVORETES.png&#8221; _builder_version=&#8221;4.23.1&#8243; _module_preset=&#8221;default&#8221; theme_builder_area=&#8221;post_content&#8221; title_text=&#8221;LOGO-LLAVORETES&#8221; background_color=&#8221;#39618A&#8221; custom_padding=&#8221;150px|50px|150px|50px|true|true&#8221; hover_enabled=&#8221;0&#8243; sticky_enabled=&#8221;0&#8243;][\/et_pb_image][\/et_pb_column][\/et_pb_row][\/et_pb_section][et_pb_section fb_built=&#8221;1&#8243; theme_builder_area=&#8221;post_content&#8221; _builder_version=&#8221;4.23.1&#8243; _module_preset=&#8221;default&#8221;][et_pb_row _builder_version=&#8221;4.23.1&#8243; _module_preset=&#8221;default&#8221; theme_builder_area=&#8221;post_content&#8221;][et_pb_column _builder_version=&#8221;4.23.1&#8243; _module_preset=&#8221;default&#8221; type=&#8221;4_4&#8243; theme_builder_area=&#8221;post_content&#8221;][et_pb_video _builder_version=&#8221;4.23.1&#8243; _module_preset=&#8221;default&#8221; theme_builder_area=&#8221;post_content&#8221; hover_enabled=&#8221;0&#8243; sticky_enabled=&#8221;0&#8243;][\/et_pb_video][\/et_pb_column][\/et_pb_row][\/et_pb_section]<\/p>","protected":false},"excerpt":{"rendered":"<p>[et_pb_section fb_built=&#8221;1&#8243; admin_label=&#8221;xerrades sobre infancia&#8221; module_id=&#8221;xerrades-sobre-infancia&#8221; _builder_version=&#8221;4.23.1&#8243; custom_margin=&#8221;||||false|false&#8221; custom_padding=&#8221;0px||0px||false|true&#8221; global_colors_info=&#8221;{}&#8221; theme_builder_area=&#8221;post_content&#8221;][et_pb_row column_structure=&#8221;1_2,1_2&#8243; use_custom_gutter=&#8221;on&#8221; gutter_width=&#8221;1&#8243; make_equal=&#8221;on&#8221; module_class=&#8221; et_pb_row_fullwidth&#8221; _builder_version=&#8221;4.23.1&#8243; background_color=&#8221;#FFF4E0&#8243; width=&#8221;100%&#8221; width_tablet=&#8221;100%&#8221; width_phone=&#8221;&#8221; width_last_edited=&#8221;on|desktop&#8221; max_width=&#8221;100%&#8221; max_width_tablet=&#8221;100%&#8221; max_width_phone=&#8221;&#8221; max_width_last_edited=&#8221;on|desktop&#8221; custom_margin=&#8221;|auto||auto|false|false&#8221; custom_padding=&#8221;0px|0px|61px|0px||&#8221; make_fullwidth=&#8221;on&#8221; global_colors_info=&#8221;{}&#8221; theme_builder_area=&#8221;post_content&#8221;][et_pb_column type=&#8221;1_2&#8243; _builder_version=&#8221;4.23.1&#8243; background_color=&#8221;RGBA(255,255,255,0)&#8221; custom_padding=&#8221;|||10%|false|false&#8221; custom_padding_tablet=&#8221;|10%||10%|false|true&#8221; custom_padding_phone=&#8221;|10%||10%|false|true&#8221; custom_padding_last_edited=&#8221;on|phone&#8221; global_colors_info=&#8221;{}&#8221; custom_padding__hover=&#8221;|||&#8221; theme_builder_area=&#8221;post_content&#8221;][et_pb_text _builder_version=&#8221;4.22.2&#8243; text_font=&#8221;||||||||&#8221; text_text_color=&#8221;#39618A&#8221; header_font=&#8221;||||||||&#8221; header_2_font=&#8221;|700|||||||&#8221; header_2_font_size=&#8221;35px&#8221; header_3_font=&#8221;ABeeZee||||||||&#8221; header_3_letter_spacing=&#8221;1px&#8221; header_3_line_height=&#8221;1.5em&#8221; module_alignment=&#8221;center&#8221; global_colors_info=&#8221;{}&#8221; theme_builder_area=&#8221;post_content&#8221;] Llavoretes [&hellip;]<\/p>","protected":false},"author":1,"featured_media":0,"parent":0,"menu_order":0,"comment_status":"closed","ping_status":"closed","template":"","meta":{"footnotes":""},"_links":{"self":[{"href":"https:\/\/niudellavors.org\/cas\/wp-json\/wp\/v2\/pages\/262"}],"collection":[{"href":"https:\/\/niudellavors.org\/cas\/wp-json\/wp\/v2\/pages"}],"about":[{"href":"https:\/\/niudellavors.org\/cas\/wp-json\/wp\/v2\/types\/page"}],"author":[{"embeddable":true,"href":"https:\/\/niudellavors.org\/cas\/wp-json\/wp\/v2\/users\/1"}],"replies":[{"embeddable":true,"href":"https:\/\/niudellavors.org\/cas\/wp-json\/wp\/v2\/comments?post=262"}],"version-history":[{"count":6,"href":"https:\/\/niudellavors.org\/cas\/wp-json\/wp\/v2\/pages\/262\/revisions"}],"predecessor-version":[{"id":2212,"href":"https:\/\/niudellavors.org\/cas\/wp-json\/wp\/v2\/pages\/262\/revisions\/2212"}],"wp:attachment":[{"href":"https:\/\/niudellavors.org\/cas\/wp-json\/wp\/v2\/media?parent=262"}],"curies":[{"name":"wp","href":"https:\/\/api.w.org\/{rel}","templated":true}]}}