{"id":2112,"date":"2023-12-11T09:30:15","date_gmt":"2023-12-11T09:30:15","guid":{"rendered":"https:\/\/niudellavors.org\/?page_id=2112"},"modified":"2024-10-22T08:18:09","modified_gmt":"2024-10-22T08:18:09","slug":"politica-de-cookies","status":"publish","type":"page","link":"https:\/\/niudellavors.org\/cas\/politica-de-cookies\/","title":{"rendered":"Pol\u00edtica de Cookies"},"content":{"rendered":"<div data-elementor-type=\"wp-page\" data-elementor-id=\"2112\" class=\"elementor elementor-2112\" data-elementor-post-type=\"page\">\n\t\t\t\t\t\t<section class=\"elementor-section elementor-top-section elementor-element elementor-element-5449fae2 elementor-section-boxed elementor-section-height-default elementor-section-height-default\" data-id=\"5449fae2\" data-element_type=\"section\">\n\t\t\t\t\t\t<div class=\"elementor-container elementor-column-gap-default\">\n\t\t\t\t\t<div class=\"elementor-column elementor-col-100 elementor-top-column elementor-element elementor-element-2ec9e76d\" data-id=\"2ec9e76d\" data-element_type=\"column\">\n\t\t\t<div class=\"elementor-widget-wrap elementor-element-populated\">\n\t\t\t\t\t\t<div class=\"elementor-element elementor-element-49a78bd elementor-widget elementor-widget-heading\" data-id=\"49a78bd\" data-element_type=\"widget\" data-widget_type=\"heading.default\">\n\t\t\t\t<div class=\"elementor-widget-container\">\n\t\t\t\t\t<h1 class=\"elementor-heading-title elementor-size-default\">Pol\u00edtica de Cookies<\/h1>\t\t\t\t<\/div>\n\t\t\t\t<\/div>\n\t\t\t\t<div class=\"elementor-element elementor-element-62449325 elementor-widget elementor-widget-text-editor\" data-id=\"62449325\" data-element_type=\"widget\" data-widget_type=\"text-editor.default\">\n\t\t\t\t<div class=\"elementor-widget-container\">\n\t\t\t\t\t\t\t\t\t<p>\u00a0<\/p><p>De conformitat amb el que establix la Llei 34\/2002 de Serveis de la Societat de la Informaci\u00f3 i del Reglament (UE) 2016\/679 de 27 d&#8217;abril de 2016 (RGPD), relatiu a la protecci\u00f3 de les persones f\u00edsiques pel que fa al tractament de dades personals i a la lliure circulaci\u00f3 d&#8217;aquestes dades, es posa en coneixement de l&#8217;USUARI que el lloc web www.niudellavors.org, propietat de l&#8217;assosiaci\u00f3 Niu de Llavors (d&#8217;ara endavant NIU DE LLAVORS), utilitza cookies.<\/p><p><strong>Qu\u00e8 s\u00f3n les cookies?<\/strong><br \/>Les cookies s\u00f3n petits arxius de text que el lloc web que l&#8217;usuari visita emmagatzema al seu ordinador o dispositiu.<\/p><p>Quines cookies utilitza NIU DE LLAVORS?<br \/><strong>1. Cookies pr\u00f2pies:<\/strong> Aquelles que s&#8217;envien a l&#8217;equip terminal de l&#8217;usuari des d&#8217;un equip o domini gestionat pel propi editor i des del qual es presta el servei sol\u00b7licitat per l&#8217;usuari.<\/p><p><strong>2. Cookies de sessi\u00f3:<\/strong> Necess\u00e0ries per al correcte \u00fas de la p\u00e0gina web, navegaci\u00f3 de manera ininterrompuda recordant opcions de llenguatge o pa\u00eds. S&#8217;utilitzen per identificar la mateixa sessi\u00f3 temporal d&#8217;un usuari o sessi\u00f3 de navegaci\u00f3.<\/p><p><strong>3. Cookies T\u00e8cniques:<\/strong> Emmagatzemen informaci\u00f3 gen\u00e8rica i an\u00f2nima que no inclou dades de car\u00e0cter personal i tenen com a objectiu garantir el funcionament del web.<\/p><p><strong>4. Cookies de tercers:<\/strong> El lloc web pot contenir cookies de tercers orientades a oferir un millor servei que aquests tercers ofereixen.<\/p><p><strong>&#8211; Cookies anal\u00edtiques:<\/strong> Tractades per Prestador o per tercers, permeten quantificar el nombre de visitants i analitzar estad\u00edsticament l&#8217;\u00fas que fan els usuaris del portal web.<\/p><p><strong>&#8211; Cookies publicit\u00e0ries:<\/strong> Gestionen de la forma m\u00e9s efica\u00e7 els espais publicitaris que l&#8217;editor hagi incl\u00f2s al lloc web.<\/p><p><strong>&#8211; Cookies de xarxes socials externes:<\/strong> Permeten als visitants interactuar amb el contingut de diferents plataformes socials. Les condicions d&#8217;\u00fas d&#8217;aquestes cookies es regulen per la pol\u00edtica de privadesa de la plataforma social corresponent.<\/p><p>&#8211; Enlla\u00e7os a les pol\u00edtiques de privadesa de xarxes socials:<br \/>&#8211; (https:\/\/www.facebook.com\/help\/cookies\/)<br \/>&#8211; (https:\/\/www.google.com\/intl\/es_es\/policies\/technologies\/types\/)<br \/>&#8211; (https:\/\/www.instagram.com\/legal\/cookies\/)<br \/>&#8211; (https:\/\/about.pinterest.com\/es\/cookies-pinterest)<\/p><p><strong>Com modificar la configuraci\u00f3 de les cookies?<\/strong><br \/>Si l&#8217;USUARI vol modificar la configuraci\u00f3 de les cookies del seu navegador, pot fer-ho mitjan\u00e7ant la configuraci\u00f3 de les opcions del mateix. Pot trobar informaci\u00f3 sobre com modificar les pol\u00edtiques de cookies dels diferents navegadors als seg\u00fcents enlla\u00e7os:<\/p><p>&#8211; Microsoft Internet Explorer (https:\/\/support.microsoft.com\/es-es\/help\/17442\/windows-internet-explorer-delete-manage-cookies)<br \/>&#8211; Mozilla Firefox (http:\/\/support.mozilla.org\/es\/kb\/habilitar-y-deshabilitar-cookies-que-los-sitios-we)<br \/>&#8211; Safari (https:\/\/support.apple.com\/kb\/PH19214?viewlocale=es_ES&amp;locale=es_ES)<br \/>&#8211; Google Chrome (http:\/\/support.google.com\/chrome\/bin\/answer.py?hl=es&amp;answer=95647)<br \/>&#8211; Opera (http:\/\/help.opera.com\/Windows\/11.50\/es-ES\/cookies.html)<\/p><p><strong>Altres consideracions:<\/strong><br \/>Existeixen eines de tercers, disponibles en l\u00ednia, que permeten als usuaris detectar les cookies a cada lloc web que visiten i gestionar-ne la desactivaci\u00f3. Els navegadors web s\u00f3n les eines encarregades d&#8217;emmagatzemar les cookies i des d&#8217;aquest lloc l&#8217;usuari pot exercir el seu dret d&#8217;eliminaci\u00f3 o desactivaci\u00f3 de les mateixes. Ni aquest lloc web ni els seus representants legals poden garantir la correcta o incorrecta manipulaci\u00f3 de les cookies pels esmentats navegadors. Es informa l&#8217;usuari que si no desitja que els llocs web posin cap cookie al seu equip, pot adaptar la configuraci\u00f3 del navegador de manera que se li notifiqui abans que es col\u00b7loqui cap cookie. De la mateixa manera, pot adaptar la configuraci\u00f3 de manera que el navegador rebutgi totes les cookies, o \u00fanicament les cookies de tercers. En cas que es trobe amb aquest tipus de cookies en aquest lloc web i no estiguen llistades en la llista anterior, li preguem que ens ho comunique.<\/p><p>L&#8217;acceptaci\u00f3 de la present pol\u00edtica de cookies implica que l&#8217;usuari ha estat informat d&#8217;una forma clara i completa sobre l&#8217;\u00fas de dispositius d&#8217;emmagatzematge i recuperaci\u00f3 de dades (cookies) aix\u00ed com que el Prestador disposa del consentiment de l&#8217;usuari per a l&#8217;\u00fas de les mateixes tal com estableix la normativa. En cas que tinga algun dubte sobre la pol\u00edtica de cookies del lloc web, l&#8217;Usuari pot dirigir-se a: info@niudellavors.org.<\/p><p>En el cas que vulgueu con\u00e8ixer amb m\u00e9s detalls en qu\u00e8 consisteixen les cookies, podeu accedir a la guia de cookies editada per l&#8217;Ag\u00e8ncia Espanyola de Protecci\u00f3 de Dades a trav\u00e9s d&#8217;aquest enlla\u00e7: http:\/\/www.agpd.es\/portalwebAGPD\/canaldocumentacion\/publicaciones\/common\/Guias\/Guia_Cookies.pdf<\/p><p>\u00a0<\/p>\t\t\t\t\t\t\t\t<\/div>\n\t\t\t\t<\/div>\n\t\t\t\t\t<\/div>\n\t\t<\/div>\n\t\t\t\t\t<\/div>\n\t\t<\/section>\n\t\t\t\t<\/div>","protected":false},"excerpt":{"rendered":"<p>Politica de Cookies \u00a0 De conformitat amb el que establix la Llei 34\/2002 de Serveis de la Societat de la Informaci\u00f3 i del Reglament (UE) 2016\/679 de 27 d&#8217;abril de 2016 (RGPD), relatiu a la protecci\u00f3 de les persones f\u00edsiques pel que fa al tractament de dades personals i a la lliure circulaci\u00f3 d&#8217;aquestes dades, [&hellip;]<\/p>","protected":false},"author":1,"featured_media":0,"parent":0,"menu_order":0,"comment_status":"closed","ping_status":"closed","template":"","meta":{"footnotes":""},"_links":{"self":[{"href":"https:\/\/niudellavors.org\/cas\/wp-json\/wp\/v2\/pages\/2112"}],"collection":[{"href":"https:\/\/niudellavors.org\/cas\/wp-json\/wp\/v2\/pages"}],"about":[{"href":"https:\/\/niudellavors.org\/cas\/wp-json\/wp\/v2\/types\/page"}],"author":[{"embeddable":true,"href":"https:\/\/niudellavors.org\/cas\/wp-json\/wp\/v2\/users\/1"}],"replies":[{"embeddable":true,"href":"https:\/\/niudellavors.org\/cas\/wp-json\/wp\/v2\/comments?post=2112"}],"version-history":[{"count":5,"href":"https:\/\/niudellavors.org\/cas\/wp-json\/wp\/v2\/pages\/2112\/revisions"}],"predecessor-version":[{"id":2500,"href":"https:\/\/niudellavors.org\/cas\/wp-json\/wp\/v2\/pages\/2112\/revisions\/2500"}],"wp:attachment":[{"href":"https:\/\/niudellavors.org\/cas\/wp-json\/wp\/v2\/media?parent=2112"}],"curies":[{"name":"wp","href":"https:\/\/api.w.org\/{rel}","templated":true}]}}