{"id":2106,"date":"2023-12-11T09:15:35","date_gmt":"2023-12-11T09:15:35","guid":{"rendered":"https:\/\/niudellavors.org\/?page_id=2106"},"modified":"2024-10-22T08:14:30","modified_gmt":"2024-10-22T08:14:30","slug":"politica-de-privadesa","status":"publish","type":"page","link":"https:\/\/niudellavors.org\/cas\/politica-de-privadesa\/","title":{"rendered":"Pol\u00edtica de privacidad"},"content":{"rendered":"<div data-elementor-type=\"wp-page\" data-elementor-id=\"2106\" class=\"elementor elementor-2106\" data-elementor-post-type=\"page\">\n\t\t\t\t\t\t<section class=\"elementor-section elementor-top-section elementor-element elementor-element-5a520f41 elementor-section-boxed elementor-section-height-default elementor-section-height-default\" data-id=\"5a520f41\" data-element_type=\"section\">\n\t\t\t\t\t\t<div class=\"elementor-container elementor-column-gap-default\">\n\t\t\t\t\t<div class=\"elementor-column elementor-col-100 elementor-top-column elementor-element elementor-element-76e7b49c\" data-id=\"76e7b49c\" data-element_type=\"column\">\n\t\t\t<div class=\"elementor-widget-wrap elementor-element-populated\">\n\t\t\t\t\t\t<div class=\"elementor-element elementor-element-c03262f elementor-widget elementor-widget-heading\" data-id=\"c03262f\" data-element_type=\"widget\" data-widget_type=\"heading.default\">\n\t\t\t\t<div class=\"elementor-widget-container\">\n\t\t\t\t\t<h1 class=\"elementor-heading-title elementor-size-default\">Pol\u00edtica de privacidad<\/h1>\t\t\t\t<\/div>\n\t\t\t\t<\/div>\n\t\t\t\t<div class=\"elementor-element elementor-element-3a16ab0 elementor-widget elementor-widget-text-editor\" data-id=\"3a16ab0\" data-element_type=\"widget\" data-widget_type=\"text-editor.default\">\n\t\t\t\t<div class=\"elementor-widget-container\">\n\t\t\t\t\t\t\t\t\t<p>\u00a0<\/p><p>Data d&#8217;entrada en vigor: 11 desembre 2023<\/p><p>Benvingut\/da a Niu de Llavors (&#8220;Nosaltres&#8221;, &#8220;el nostre&#8221; o &#8220;nos&#8221;). La vostra privadesa \u00e9s molt important per a nosaltres. En aquesta pol\u00edtica de privadesa, describim les pr\u00e0ctiques que emprem per recopilar, utilitzar i protegir la informaci\u00f3 personal que puguem obtenir a trav\u00e9s del vostre \u00fas del nostre lloc web.<\/p><p><strong>Informaci\u00f3 que Recopilem<\/strong><\/p><p>Podem recopilar informaci\u00f3 personal identificable directament de vosaltres quan feu \u00fas del nostre lloc web. Aix\u00f2 pot incloure, per\u00f2 no es limita a, la vostra adre\u00e7a de correu electr\u00f2nic, nom, cognoms, i altres dades relacionades amb la vostra identitat.<\/p><p><strong>Com Utilitzem la Informaci\u00f3<\/strong><\/p><p>La informaci\u00f3 personal recopilada pot ser utilitzada per a les seg\u00fcents finalitats:<\/p><p>1. Proveir-vos d&#8217;informaci\u00f3 sobre els nostres productes i serveis.<br \/>2. Processar les vostres sol\u00b7licituds, comandes i pagaments.<br \/>3. Personalitzar la vostra experi\u00e8ncia d&#8217;usuari i oferir-vos contingut adaptat als vostres interessos.<br \/>4. Millorar els nostres productes i serveis a trav\u00e9s de l&#8217;an\u00e0lisi de les vostres prefer\u00e8ncies i comportaments d&#8217;\u00fas.<br \/>5. Mantenir-vos informats sobre canvis importants en el nostre lloc web o en els nostres serveis.<\/p><p><strong>Compartici\u00f3 de la Informaci\u00f3<\/strong><\/p><p>No compartim, venem ni lloguem la vostra informaci\u00f3 personal a tercers, excepte quan sigui necessari per complir amb les lleis aplicables o en casos en qu\u00e8 h\u00e0gim obtingut el vostre consentiment expl\u00edcit.<\/p><p><strong>Cookies i Tecnologies Similars<\/strong><\/p><p>Utilitzem cookies i altres tecnologies similars per millorar la vostra experi\u00e8ncia d&#8217;usuari, analitzar el tr\u00e0nsit del lloc i personalitzar el contingut. Podeu gestionar les vostres prefer\u00e8ncies de cookies a trav\u00e9s de la configuraci\u00f3 del vostre navegador.<\/p><p><strong>Seguretat de la Informaci\u00f3<\/strong><\/p><p>Ens comprometem a protegir la vostra informaci\u00f3 personal i hem implementat mesures de seguretat adequades per evitar l&#8217;acc\u00e9s no autoritzat, la divulgaci\u00f3 o la modificaci\u00f3 no autoritzada d&#8217;aquesta informaci\u00f3.<\/p><p><strong>Canvis en la Pol\u00edtica de Privadesa<\/strong><\/p><p>Podem actualitzar aquesta pol\u00edtica de privadesa de tant en tant per reflectir canvis en les nostres pr\u00e0ctiques o per altres motius legals. Us animem a revisar aquesta p\u00e0gina regularment per estar informat sobre com estem protegint i gestionant la vostra informaci\u00f3 personal.<\/p><p>Si teniu alguna pregunta o preocupaci\u00f3 sobre la nostra pol\u00edtica de privadesa, podeu posar-vos en contacte amb nosaltres a trav\u00e9s de info@niudellavors.org.<\/p><p>\u00a0<\/p><p>\u00a0<\/p>\t\t\t\t\t\t\t\t<\/div>\n\t\t\t\t<\/div>\n\t\t\t\t\t<\/div>\n\t\t<\/div>\n\t\t\t\t\t<\/div>\n\t\t<\/section>\n\t\t\t\t<\/div>","protected":false},"excerpt":{"rendered":"<p>Politica de privadesa \u00a0 Data d&#8217;entrada en vigor: 11 desembre 2023 Benvingut\/da a Niu de Llavors (&#8220;Nosaltres&#8221;, &#8220;el nostre&#8221; o &#8220;nos&#8221;). La vostra privadesa \u00e9s molt important per a nosaltres. En aquesta pol\u00edtica de privadesa, describim les pr\u00e0ctiques que emprem per recopilar, utilitzar i protegir la informaci\u00f3 personal que puguem obtenir a trav\u00e9s del vostre [&hellip;]<\/p>","protected":false},"author":1,"featured_media":0,"parent":0,"menu_order":0,"comment_status":"closed","ping_status":"closed","template":"","meta":{"footnotes":""},"_links":{"self":[{"href":"https:\/\/niudellavors.org\/cas\/wp-json\/wp\/v2\/pages\/2106"}],"collection":[{"href":"https:\/\/niudellavors.org\/cas\/wp-json\/wp\/v2\/pages"}],"about":[{"href":"https:\/\/niudellavors.org\/cas\/wp-json\/wp\/v2\/types\/page"}],"author":[{"embeddable":true,"href":"https:\/\/niudellavors.org\/cas\/wp-json\/wp\/v2\/users\/1"}],"replies":[{"embeddable":true,"href":"https:\/\/niudellavors.org\/cas\/wp-json\/wp\/v2\/comments?post=2106"}],"version-history":[{"count":10,"href":"https:\/\/niudellavors.org\/cas\/wp-json\/wp\/v2\/pages\/2106\/revisions"}],"predecessor-version":[{"id":2497,"href":"https:\/\/niudellavors.org\/cas\/wp-json\/wp\/v2\/pages\/2106\/revisions\/2497"}],"wp:attachment":[{"href":"https:\/\/niudellavors.org\/cas\/wp-json\/wp\/v2\/media?parent=2106"}],"curies":[{"name":"wp","href":"https:\/\/api.w.org\/{rel}","templated":true}]}}