{"id":1683,"date":"2023-10-14T07:38:02","date_gmt":"2023-10-14T07:38:02","guid":{"rendered":"https:\/\/niudellavors.org\/?page_id=1683"},"modified":"2024-10-22T08:13:39","modified_gmt":"2024-10-22T08:13:39","slug":"avis-legal","status":"publish","type":"page","link":"https:\/\/niudellavors.org\/cas\/avis-legal\/","title":{"rendered":"Aviso Legal"},"content":{"rendered":"<div data-elementor-type=\"wp-page\" data-elementor-id=\"1683\" class=\"elementor elementor-1683\" data-elementor-post-type=\"page\">\n\t\t\t\t\t\t<section class=\"elementor-section elementor-top-section elementor-element elementor-element-351e15ee elementor-section-boxed elementor-section-height-default elementor-section-height-default\" data-id=\"351e15ee\" data-element_type=\"section\">\n\t\t\t\t\t\t<div class=\"elementor-container elementor-column-gap-default\">\n\t\t\t\t\t<div class=\"elementor-column elementor-col-100 elementor-top-column elementor-element elementor-element-291c359c\" data-id=\"291c359c\" data-element_type=\"column\">\n\t\t\t<div class=\"elementor-widget-wrap elementor-element-populated\">\n\t\t\t\t\t\t<div class=\"elementor-element elementor-element-45957ee elementor-widget elementor-widget-heading\" data-id=\"45957ee\" data-element_type=\"widget\" data-widget_type=\"heading.default\">\n\t\t\t\t<div class=\"elementor-widget-container\">\n\t\t\t\t\t<h1 class=\"elementor-heading-title elementor-size-default\">Aviso Legal<\/h1>\t\t\t\t<\/div>\n\t\t\t\t<\/div>\n\t\t\t\t<div class=\"elementor-element elementor-element-457c925b elementor-widget elementor-widget-text-editor\" data-id=\"457c925b\" data-element_type=\"widget\" data-widget_type=\"text-editor.default\">\n\t\t\t\t<div class=\"elementor-widget-container\">\n\t\t\t\t\t\t\t\t\t<p><b>1. Qui Som<br \/><\/b> D&#8217;acord amb el que disposa l&#8217;article 10 de la Llei 34\/2002, d&#8217;11 de juliol, de Serveis de la Societat de la Informaci\u00f3 i de Comer\u00e7 Electr\u00f2nic (d&#8217;ara endavant, \u201cLSSI\u201d), posem en el seu coneixement que la p\u00e0gina web amb adre\u00e7a URL: www.niudellavors.org (d&#8217;ara endavant, el \u201cLloc Web\u201d o el \u201cPortal Web\u201d) aix\u00ed com els seus subdominis \u00e9s operada per l&#8217;Associaci\u00f3 Niu de Llavors (d&#8217;ara endavant, \u201cNiu de Llavors\u201d), amb N.I.F. G98641681, el domicili del qual es troba a la Carrer 9 d&#8217;Octubre, Num.70, 46702 Gandia &#8211; (Valencia)<br \/>. Podeu obtenir m\u00e9s informaci\u00f3 sobre Niu de Llavors a trav\u00e9s de la secci\u00f3 \u201cSobre Nosaltres\u201d del Portal o remetent un correu a la seg\u00fcent adre\u00e7a de correu electr\u00f2nic info@niudellavors.org.<\/p><p><b>2.1 Acceptaci\u00f3 de l&#8217;Av\u00eds Legal<br \/><\/b> Aquest Av\u00eds Legal regula la utilitzaci\u00f3 dels serveis de la societat de la informaci\u00f3 que Niu de Llavors posa a disposici\u00f3 dels usuaris de la xarxa Internet a trav\u00e9s del Lloc Web.<br \/>L&#8217;acc\u00e9s i utilitzaci\u00f3 del Lloc Web per l&#8217;Usuari (d&#8217;ara endavant, l&#8217;\u201cUsuari\u201d) suposa que aquest accepta en la seva totalitat i s&#8217;obliga a complir completament els termes i condicions recollits en aquest Av\u00eds Legal, aix\u00ed com en la Pol\u00edtica de Privadesa del Portal. Feu clic si voleu accedir a l&#8217;esmentada Pol\u00edtica de Privadesa.<\/p><p><b>2.2 Condicions d\u2019\u00fas del Portal<br \/><\/b> L&#8217;acc\u00e9s al Lloc Web \u00e9s gratu\u00eft, llevat del cost de connexi\u00f3 a trav\u00e9s de la xarxa de telecomunicacions subministrada pel prove\u00efdor d&#8217;acc\u00e9s que hagi contractat l&#8217;Usuari.<br \/>L&#8217;Usuari es compromet a no fer servir el Lloc Web amb fins fraudulents, aix\u00ed com a no dur a terme cap conducta que pogu\u00e9s danyar la imatge, els interessos i els drets de Niu de Llavors o de tercers. Aix\u00ed mateix, l&#8217;Usuari es compromet a no realitzar cap acte a fi de danyar, inutilitzar o sobrecarregar el Lloc Web, o que imped\u00eds o obstal\u00b7lulitz\u00e9s, de qualsevol manera, la normal utilitzaci\u00f3 i funcionament del mateix.<br \/>S&#8217;informa a l&#8217;Usuari que en cas que incompleixi el contingut del present Av\u00eds Legal, de la Pol\u00edtica de Privadesa, de les Condicions d&#8217;\u00das o de qualsevol altre terme o condicions particulars recollits al Portal, Niu de Llavors es reserva el dret a limitar, suspendre o acabar l&#8217;acc\u00e9s al Lloc Web, adoptant qualsevol mesura t\u00e8cnica que sigui necess\u00e0ria amb aquesta finalitat. Aix\u00ed mateix, Niu de Llavors es reserva la possibilitat d&#8217;exercir aquestes mesures en cas que sospiti raonablement que l&#8217;Usuari est\u00e0 vulnerant qualsevol dels termes i condicions recollits als instruments abans esmentats.<br \/>Finalment, posem en coneixement de l&#8217;Usuari que Niu de Llavors es reserva la facultat de decidir, en tot moment, sobre la continu\u00eftat dels serveis de la societat de la informaci\u00f3 que presta a trav\u00e9s del Portal.<\/p><p><b>3. CONDICIONS D&#8217;\u00daS DEL PORTAL I ELS SEUS SUBDOMINIS<br \/><\/b> L&#8217;acc\u00e9s al Lloc Web \u00e9s gratu\u00eft, llevat del cost de connexi\u00f3 a trav\u00e9s de la xarxa de telecomunicacions subministrada pel prove\u00efdor d&#8217;acc\u00e9s que hagi contractat l&#8217;Usuari.<br \/>L&#8217;Usuari es compromet a no fer servir el Lloc Web amb fins fraudulents, aix\u00ed com a no dur a terme cap conducta que pogu\u00e9s danyar la imatge, els interessos i els drets de Niu de Llavors o de tercers. Aix\u00ed mateix, l&#8217;Usuari es compromet a no realitzar cap acte a fi de danyar, inutilitzar o sobrecarregar el Lloc Web, o que imped\u00eds o obstaculitz\u00e9s, de qualsevol manera, la normal utilitzaci\u00f3 i funcionament del mateix.<br \/>S&#8217;informa a l&#8217;Usuari que en cas que incompleixi el contingut del present Av\u00eds Legal, de la Pol\u00edtica de Privadesa, de les Condicions d&#8217;\u00das o de qualsevol altre terme o condicions particulars recollits al Portal, Niu de Llavors es reserva el dret a limitar, suspendre o acabar l&#8217;acc\u00e9s al Lloc Web, adoptant qualsevol mesura t\u00e8cnica que sigui necess\u00e0ria amb aquesta finalitat. Aix\u00ed mateix, Niu de Llavors es reserva la possibilitat d&#8217;exercir aquestes mesures en cas que sospiti raonablement que l&#8217;Usuari est\u00e0 vulnerant qualsevol dels termes i condicions recollits als instruments abans esmentats.<br \/>Aix\u00ed mateix, informem als Usuaris que Niu de Llavors es reserva el dret a modificar el present Av\u00eds Legal, aix\u00ed com qualsevol altre terme i condicions continguts en aquest Portal Web i els seus subdominis, a la seva sola discreci\u00f3.<br \/>Finalment, posem en coneixement de l&#8217;Usuari que Niu de Llavors es reserva la facultat de decidir, en tot moment, sobre la continu\u00eftat dels serveis de la societat de la informaci\u00f3 que presta a trav\u00e9s del Portal.<\/p><p><b>4. PROPIETAT INDUSTRIAL I INTEL\u00b7LECTUAL<br \/><\/b> A manera enunciativa, per\u00f2 no limitativa, els drets de propietat intel\u00b7lectual sobre la disposici\u00f3 dels continguts del Portal (dret sui generis sobre la base de dades), el disseny gr\u00e0fic (look &amp; feel), els programes d&#8217;ordinador subjacents (inclosos els codis font), aix\u00ed com els diferents elements que integren el Portal (textos, gr\u00e0fics, fotografies, v\u00eddeos, enregistraments sonors, etc.), en endavant els \u201cContinguts\u201d, corresponen a Niu de Llavors o als seus llicenciants. Pel que fa als signes distintius inclosos al Portal (marques i noms comercials, aix\u00ed com qualssevol altres) els mateixos s\u00f3n propietat de Niu de Llavors o dels seus llicenciants.<br \/>L&#8217;\u00fas del Portal per l&#8217;Usuari no suposa la cessi\u00f3 de cap dret de propietat intel\u00b7lectual i\/o industrial sobre el Portal, els Continguts i\/o els signes distintius de Niu de Llavors. A aquest efecte, mitjan\u00e7ant aquest Av\u00eds legal, excepte en els sup\u00f2sits en qu\u00e8 estigui legalment perm\u00e8s o intervingui pr\u00e8via autoritzaci\u00f3 de Niu de Llavors, queda expressament prohibit a l&#8217;Usuari la reproducci\u00f3, transformaci\u00f3, distribuci\u00f3, comunicaci\u00f3 p\u00fablica, posada a disposici\u00f3, extracci\u00f3 i \/o reutilitzaci\u00f3 del Portal, els seus Continguts i\/o els signes distintius de Niu de Llavors o qualssevol altres usos comercials dels mateixos.<\/p><p><b>5. POL\u00cdTICA D&#8217;ENLLA\u00c7OS<br \/>5.1. Establiment denlla\u00e7os amb el Portal<\/b><\/p><p>Queda prohibit l&#8217;establiment d&#8217;enlla\u00e7os amb destinaci\u00f3 al Lloc Web, tret que aquest hagi estat pr\u00e8viament autoritzat expressament i per escrit, per Niu de Llavors. En qualsevol cas, un cop autoritzat l&#8217;enlla\u00e7 per Niu de Llavors, aquest s&#8217;haur\u00e0 d&#8217;establir en els termes seg\u00fcents:<br \/>\u2022 L&#8217;enlla\u00e7 nom\u00e9s vincular\u00e0 amb l&#8217;home page o la p\u00e0gina principal del Portal.<br \/>\u2022 L&#8217;enlla\u00e7 no podr\u00e0 consistir en frames o marcs que permetin la visualitzaci\u00f3 del Portal a trav\u00e9s d&#8217;adreces d&#8217;Internet diferents de les del Lloc Web o que de qualsevol altra manera mostrin conjuntament la informaci\u00f3 del Portal amb la inclosa a altres p\u00e0gines web.<br \/>\u2022 No es realitzaran des de la p\u00e0gina web que introdueix l&#8217;enlla\u00e7 (d&#8217;ara endavant, \u201cLloc Enlla\u00e7ant\u201d) cap mena de manifestaci\u00f3 falsa, inexacta o incorrecta sobre el Portal i\/o Niu de Llavors.<br \/>\u2022 En cap cas s&#8217;indicar\u00e0 al Lloc Enllazante que Niu de Llavors ha prestat el seu consentiment per a la inserci\u00f3 de l&#8217;enlla\u00e7 o que patrocina, col\u00b7labora, verifica, supervisa o aprova el contingut i\/o els serveis que es presten a trav\u00e9s del Lloc Enlazante.<br \/>\u2022 El Lloc Enlla\u00e7ant haur\u00e0 de complir fidelment amb la Llei i no podr\u00e0 en cap cas allotjar continguts, propis o de tercers, que: (i) siguin il\u00b7l\u00edcits, nocius o contraris a la moral i als bons costums (pornogr\u00e0fics, violents, racistes, etc.) .); (ii) indueixin o puguin induir a l&#8217;Usuari la falsa concepci\u00f3 que Niu de Llavors subscriu, recolza, s&#8217;adhereix o de qualsevol manera recolza, les idees, manifestacions o expressions, l\u00edcites o il\u00b7l\u00edcites del remitent; i (iii) resultin inadequats o no pertinents amb l&#8217;activitat de Niu de Llavors.<br \/>En cas d&#8217;incompliment de qualsevol dels termes abans enunciat, Niu de Llavors procedir\u00e0 de forma immediata i sense pr\u00e8via notificaci\u00f3 a la supressi\u00f3 de l&#8217;enlla\u00e7.<\/p><p><b>5.2. Llocs enlla\u00e7ats<br \/><\/b> Per ajudar-vos a trobar informaci\u00f3 addicional, hem incl\u00f2s diversos dispositius t\u00e8cnics d&#8217;enlla\u00e7os que permeten a l&#8217;Usuari accedir a altres webs (d&#8217;ara endavant, \u201cLlocs Enlla\u00e7ats\u201d). En aquests casos, Niu de Llavors actua com un prestador de serveis d&#8217;intermediaci\u00f3, segons el que disposa l&#8217;article 17 de la LSSI. D&#8217;acord amb el previst a la citada legislaci\u00f3, Niu de Llavors no ser\u00e0 responsable dels serveis i continguts facilitats a trav\u00e9s dels Llocs Enlla\u00e7ats, llevat que tingui coneixement efectiu de la il\u00b7licitud i no hagi desactivat l&#8217;enlla\u00e7 amb la dilig\u00e8ncia deguda.<br \/>\u00c9s possible que alguns dels Llocs Enlla\u00e7ats siguin propietat de Niu de Llavors, si escau Niu de Llavors ser\u00e0 responsable dels serveis i continguts facilitats a trav\u00e9s dels mateixos, no obstant aix\u00f2, podran identificar la titularitat de Niu de Llavors acudint a l&#8217;Av\u00eds Legal dels esmentats Llocs Enlla\u00e7ats.<br \/>En cap cas l&#8217;exist\u00e8ncia de Llocs Enlla\u00e7ats, dels quals no sigui titular Niu de Llavors, comporta recomanaci\u00f3, promoci\u00f3, identificaci\u00f3 o conformitat de Niu de Llavors amb les manifestacions, continguts o serveis proporcionats a trav\u00e9s dels Llocs Enlla\u00e7ats. En conseq\u00fc\u00e8ncia, Niu de Llavors no es fa responsable del contingut dels Llocs Enlla\u00e7ats, ni de les seves condicions d&#8217;\u00fas i pol\u00edtiques de privadesa, sent l&#8217;Usuari l&#8217;\u00fanic responsable de comprovar-los i acceptar-los cada vegada que hi accedeixi i els utilitzi.<br \/>En cas que l&#8217;Usuari consideri que hi ha als Llocs Enlla\u00e7ats continguts il\u00b7l\u00edcits, nocius, denigrants, violents o inadequats, ho podr\u00e0 posar en coneixement de Niu de Llavors a trav\u00e9s de la seg\u00fcent adre\u00e7a de correu electr\u00f2nic: info@niudellavors.org. No obstant aix\u00f2, aquesta comunicaci\u00f3 en cap cas comportar\u00e0 l&#8217;obligaci\u00f3 de Niu de Llavors de retirar el corresponent enlla\u00e7, ni suposa necess\u00e0riament el coneixement efectiu de Niu de Llavors de la il\u00b7licitud dels continguts del Lloc Enlla\u00e7at, als efectes del que preveu la normativa vigent.<\/p><p><b>6. RESPONSABILITAT DE Niu de Llavors<br \/><\/b> L&#8217;Usuari reconeix i accepta que, encara que Niu de Llavors realitza els seus millors esfor\u00e7os per vetllar per l&#8217;exactitud dels continguts i informacions inclosos al Lloc Web, aquests tenen car\u00e0cter general i merament informatiu. De la mateixa manera, t\u00e9 car\u00e0cter id\u00e8ntic la informaci\u00f3 relativa a la salut i tractaments m\u00e8dics que es posa a disposici\u00f3 de l&#8217;Usuari a trav\u00e9s del Portal, no constituint en cap cas aquesta informaci\u00f3 la recomanaci\u00f3 per part de Niu de Llavors als Usuaris d&#8217;un tractament concret . En conseq\u00fc\u00e8ncia, Niu de Llavors no es responsabilitza de les decisions preses per l&#8217;Usuari a partir de la informaci\u00f3 subministrada a trav\u00e9s del Lloc Web, ni dels danys i perjudicis produ\u00efts a l&#8217;Usuari oa tercers, amb motiu d&#8217;actuacions que tinguin com a fonament la informaci\u00f3 obtinguda del Lloc Web.<\/p><p>D&#8217;altra banda, l&#8217;acc\u00e9s al Lloc Web no implica l&#8217;obligaci\u00f3 de Niu de Llavors de controlar l&#8217;abs\u00e8ncia de virus, cucs o qualsevol altre element inform\u00e0tic nociu. Correspon a l&#8217;Usuari, en tot cas, la utilitzaci\u00f3 d&#8217;eines adequades per detectar aquests elements nocius. En conseq\u00fc\u00e8ncia, Niu de Llavors no es responsabilitzar\u00e0 dels danys produ\u00efts als equips inform\u00e0tics de l&#8217;Usuari o de tercers mitjan\u00e7ant la prestaci\u00f3 dels serveis a trav\u00e9s del Lloc Web.<br \/>La disponibilitat del servei requereix serveis i subministraments de tercers, inclosos serveis de transport a trav\u00e9s de xarxes de telecomunicacions la fiabilitat, qualitat i funcionament de les quals no dep\u00e8n de Niu de Llavors. En conseq\u00fc\u00e8ncia, Niu de Llavors no garanteix la disponibilitat del Lloc Web podent interrompre&#8217;s, suspendre&#8217;s o cancel\u00b7lar-se en qualsevol moment els serveis prestats a trav\u00e9s del mateix. En particular, Niu de Llavors no es responsabilitza dels danys o perjudicis de qualsevol \u00edndole causats a l&#8217;Usuari, com a conseq\u00fc\u00e8ncia de la manca de disponibilitat del Lloc Web i, en particular, els que portin causa en fallades de les xarxes de telecomunicacions. Aix\u00ed mateix, Niu de Llavors es reserva el dret a la revisi\u00f3 del Lloc Web oa la denegaci\u00f3 de l&#8217;acc\u00e9s al mateix en qualsevol moment.<\/p><p><b>7. PROTECCI\u00d3 DE DADES<br \/><\/b> Els aspectes relatius al tractament de les dades personals dels Usuaris amb motiu de l&#8217;\u00fas del Portal es troben regulats a la Pol\u00edtica de Privadesa, aix\u00ed com als textos legals adjunts als diversos formularis de recollida de dades inclosos al Portal. Tots els usuaris que facin \u00fas del nostre Portal Web estan obligats a revisar la Pol\u00edtica de Privadesa, amb l&#8217;objectiu que estiguin informats dels possibles tractaments de les seves dades personals i dels drets que els assisteixen. Niu de Llavors recomana revisar la Pol\u00edtica de Privadesa, aquest Av\u00eds Legal, aix\u00ed com qualssevol altres termes i condicions inclosos en aquest portal, de forma regular ja que Niu de Llavors es reserva el dret a modificar-los dins dels l\u00edmits que la legislaci\u00f3 vigent i d&#8217;aplicaci\u00f3 permeti.<br \/>Tal com s&#8217;indica a l&#8217;apartat 2.1 del present Av\u00eds Legal, els aspectes relatius al tractament de les dades personals dels Usuaris amb motiu de l&#8217;\u00fas del Portal es troben regulats a la Pol\u00edtica de Privadesa, aix\u00ed com als textos legals adjunts als diversos formularis de recollida de dades incloses al Portal.<\/p><p>De conformitat amb l&#8217;article 3 de la LSSI, les lleis aplicables als serveis de la societat de la informaci\u00f3 que Niu de Llavors presta a trav\u00e9s del Portal seran les del Regne dEspanya.<br \/>En cas que alguna de les disposicions contingudes en aquest Av\u00eds legal sigui declarada nul\u00b7la, es procedir\u00e0 a la retirada o substituci\u00f3 de la mateixa. En qualsevol cas, aquesta declaraci\u00f3 de nul\u00b7litat no afectar\u00e0 la validesa de la resta de disposicions recollides en aquest Av\u00eds Legal.<br \/>L&#8217;Usuari i Niu de Llavors accepten sotmetre&#8217;s als Jutjats i Tribunals de Gandia rebutjant qualsevol altre fur voluntari, en relaci\u00f3 amb qualsevol conflicte que pugui com a conseq\u00fc\u00e8ncia de l&#8217;\u00fas del Portal Web per part dels usuaris.<\/p>\t\t\t\t\t\t\t\t<\/div>\n\t\t\t\t<\/div>\n\t\t\t\t\t<\/div>\n\t\t<\/div>\n\t\t\t\t\t<\/div>\n\t\t<\/section>\n\t\t\t\t<\/div>","protected":false},"excerpt":{"rendered":"<p>Avis Legal 1. Qui Som D&#8217;acord amb el que disposa l&#8217;article 10 de la Llei 34\/2002, d&#8217;11 de juliol, de Serveis de la Societat de la Informaci\u00f3 i de Comer\u00e7 Electr\u00f2nic (d&#8217;ara endavant, \u201cLSSI\u201d), posem en el seu coneixement que la p\u00e0gina web amb adre\u00e7a URL: www.niudellavors.org (d&#8217;ara endavant, el \u201cLloc Web\u201d o el \u201cPortal [&hellip;]<\/p>","protected":false},"author":1,"featured_media":0,"parent":0,"menu_order":0,"comment_status":"closed","ping_status":"closed","template":"","meta":{"footnotes":""},"_links":{"self":[{"href":"https:\/\/niudellavors.org\/cas\/wp-json\/wp\/v2\/pages\/1683"}],"collection":[{"href":"https:\/\/niudellavors.org\/cas\/wp-json\/wp\/v2\/pages"}],"about":[{"href":"https:\/\/niudellavors.org\/cas\/wp-json\/wp\/v2\/types\/page"}],"author":[{"embeddable":true,"href":"https:\/\/niudellavors.org\/cas\/wp-json\/wp\/v2\/users\/1"}],"replies":[{"embeddable":true,"href":"https:\/\/niudellavors.org\/cas\/wp-json\/wp\/v2\/comments?post=1683"}],"version-history":[{"count":9,"href":"https:\/\/niudellavors.org\/cas\/wp-json\/wp\/v2\/pages\/1683\/revisions"}],"predecessor-version":[{"id":2491,"href":"https:\/\/niudellavors.org\/cas\/wp-json\/wp\/v2\/pages\/1683\/revisions\/2491"}],"wp:attachment":[{"href":"https:\/\/niudellavors.org\/cas\/wp-json\/wp\/v2\/media?parent=1683"}],"curies":[{"name":"wp","href":"https:\/\/api.w.org\/{rel}","templated":true}]}}